{"id":3103,"date":"2019-09-19T09:58:23","date_gmt":"2019-09-19T07:58:23","guid":{"rendered":"https:\/\/sebastiannabel.com\/store\/?post_type=product&#038;p=3103"},"modified":"2022-11-26T00:27:27","modified_gmt":"2022-11-25T23:27:27","slug":"postcards-postcard-bundle-1","status":"publish","type":"product","link":"https:\/\/sebastiannabel.com\/store\/produkt\/postcards-postcard-bundle-1\/","title":{"rendered":"Kings"},"content":{"rendered":"<p>POSTKARTEN SET<\/p>\n","protected":false},"excerpt":{"rendered":"<p>Dieses Bundle enth\u00e4lt zwei Postkarten.<\/p>\n<p>Die Karten haben eine leere R\u00fcckseite. Gedruckt auf 350 gr \/ m2 mattem Papier mit einer matten Oberfl\u00e4che und mit Goldfolie veredelt.<br \/>\nBeide Postkarten kommen mit schwarzen Umschl\u00e4gen.<\/p>\n<p>Die Postkarten sind 14,8cm x 10,5cm gro\u00df.<\/p>\n","protected":false},"featured_media":13741,"template":"","meta":[],"product_brand":[],"product_cat":[65],"product_tag":[],"class_list":{"0":"post-3103","1":"product","2":"type-product","3":"status-publish","4":"has-post-thumbnail","6":"product_cat-anderes","8":"first","9":"instock","10":"shipping-taxable","11":"purchasable","12":"product-type-simple"},"yoast_head":"<!-- This site is optimized with the Yoast SEO plugin v26.9 - https:\/\/yoast.com\/product\/yoast-seo-wordpress\/ -->\n<title>Kings - Store - sebastiannabel.com<\/title>\n<meta name=\"robots\" content=\"index, follow, max-snippet:-1, max-image-preview:large, max-video-preview:-1\" \/>\n<link rel=\"canonical\" href=\"https:\/\/sebastiannabel.com\/store\/produkt\/postcards-postcard-bundle-1\/\" \/>\n<meta property=\"og:locale\" content=\"de_DE\" \/>\n<meta property=\"og:type\" content=\"article\" \/>\n<meta property=\"og:title\" content=\"Kings - Store - sebastiannabel.com\" \/>\n<meta property=\"og:description\" content=\"Dieses Bundle enth\u00e4lt zwei Postkarten.  Die Karten haben eine leere R\u00fcckseite. Gedruckt auf 350 gr \/ m2 mattem Papier mit einer matten Oberfl\u00e4che und mit Goldfolie veredelt. Beide Postkarten kommen mit schwarzen Umschl\u00e4gen.  Die Postkarten sind 14,8cm x 10,5cm gro\u00df.\" \/>\n<meta property=\"og:url\" content=\"https:\/\/sebastiannabel.com\/store\/produkt\/postcards-postcard-bundle-1\/\" \/>\n<meta property=\"og:site_name\" content=\"Store - sebastiannabel.com\" \/>\n<meta property=\"article:publisher\" content=\"https:\/\/www.facebook.com\/sebastiannabelStore\" \/>\n<meta property=\"article:modified_time\" content=\"2022-11-25T23:27:27+00:00\" \/>\n<meta property=\"og:image\" content=\"https:\/\/sebastiannabel.com\/store\/wp-content\/uploads\/2019\/09\/postcards_1.jpg\" \/>\n\t<meta property=\"og:image:width\" content=\"1800\" \/>\n\t<meta property=\"og:image:height\" content=\"1800\" \/>\n\t<meta property=\"og:image:type\" content=\"image\/jpeg\" \/>\n<meta name=\"twitter:card\" content=\"summary_large_image\" \/>\n<script type=\"application\/ld+json\" class=\"yoast-schema-graph\">{\"@context\":\"https:\/\/schema.org\",\"@graph\":[{\"@type\":\"WebPage\",\"@id\":\"https:\/\/sebastiannabel.com\/store\/produkt\/postcards-postcard-bundle-1\/\",\"url\":\"https:\/\/sebastiannabel.com\/store\/produkt\/postcards-postcard-bundle-1\/\",\"name\":\"Kings - Store - sebastiannabel.com\",\"isPartOf\":{\"@id\":\"https:\/\/sebastiannabel.com\/store\/#website\"},\"primaryImageOfPage\":{\"@id\":\"https:\/\/sebastiannabel.com\/store\/produkt\/postcards-postcard-bundle-1\/#primaryimage\"},\"image\":{\"@id\":\"https:\/\/sebastiannabel.com\/store\/produkt\/postcards-postcard-bundle-1\/#primaryimage\"},\"thumbnailUrl\":\"https:\/\/sebastiannabel.com\/store\/wp-content\/uploads\/2019\/09\/postcards_1.jpg\",\"datePublished\":\"2019-09-19T07:58:23+00:00\",\"dateModified\":\"2022-11-25T23:27:27+00:00\",\"breadcrumb\":{\"@id\":\"https:\/\/sebastiannabel.com\/store\/produkt\/postcards-postcard-bundle-1\/#breadcrumb\"},\"inLanguage\":\"de\",\"potentialAction\":[{\"@type\":\"ReadAction\",\"target\":[\"https:\/\/sebastiannabel.com\/store\/produkt\/postcards-postcard-bundle-1\/\"]}]},{\"@type\":\"ImageObject\",\"inLanguage\":\"de\",\"@id\":\"https:\/\/sebastiannabel.com\/store\/produkt\/postcards-postcard-bundle-1\/#primaryimage\",\"url\":\"https:\/\/sebastiannabel.com\/store\/wp-content\/uploads\/2019\/09\/postcards_1.jpg\",\"contentUrl\":\"https:\/\/sebastiannabel.com\/store\/wp-content\/uploads\/2019\/09\/postcards_1.jpg\",\"width\":1800,\"height\":1800},{\"@type\":\"BreadcrumbList\",\"@id\":\"https:\/\/sebastiannabel.com\/store\/produkt\/postcards-postcard-bundle-1\/#breadcrumb\",\"itemListElement\":[{\"@type\":\"ListItem\",\"position\":1,\"name\":\"Startseite\",\"item\":\"https:\/\/sebastiannabel.com\/store\/store\/\"},{\"@type\":\"ListItem\",\"position\":2,\"name\":\"Alle Produkte\",\"item\":\"https:\/\/sebastiannabel.com\/store\/alle-produkte\/\"},{\"@type\":\"ListItem\",\"position\":3,\"name\":\"Kings\"}]},{\"@type\":\"WebSite\",\"@id\":\"https:\/\/sebastiannabel.com\/store\/#website\",\"url\":\"https:\/\/sebastiannabel.com\/store\/\",\"name\":\"Store - sebastiannabel.com\",\"description\":\"\",\"publisher\":{\"@id\":\"https:\/\/sebastiannabel.com\/store\/#organization\"},\"potentialAction\":[{\"@type\":\"SearchAction\",\"target\":{\"@type\":\"EntryPoint\",\"urlTemplate\":\"https:\/\/sebastiannabel.com\/store\/?s={search_term_string}\"},\"query-input\":{\"@type\":\"PropertyValueSpecification\",\"valueRequired\":true,\"valueName\":\"search_term_string\"}}],\"inLanguage\":\"de\"},{\"@type\":\"Organization\",\"@id\":\"https:\/\/sebastiannabel.com\/store\/#organization\",\"name\":\"Sebastian Nabel\",\"url\":\"https:\/\/sebastiannabel.com\/store\/\",\"logo\":{\"@type\":\"ImageObject\",\"inLanguage\":\"de\",\"@id\":\"https:\/\/sebastiannabel.com\/store\/#\/schema\/logo\/image\/\",\"url\":\"https:\/\/sebastiannabel.com\/store\/wp-content\/uploads\/2024\/04\/l1.png\",\"contentUrl\":\"https:\/\/sebastiannabel.com\/store\/wp-content\/uploads\/2024\/04\/l1.png\",\"width\":300,\"height\":146,\"caption\":\"Sebastian Nabel\"},\"image\":{\"@id\":\"https:\/\/sebastiannabel.com\/store\/#\/schema\/logo\/image\/\"},\"sameAs\":[\"https:\/\/www.facebook.com\/sebastiannabelStore\"]}]}<\/script>\n<!-- \/ Yoast SEO plugin. -->","yoast_head_json":{"title":"Kings - Store - sebastiannabel.com","robots":{"index":"index","follow":"follow","max-snippet":"max-snippet:-1","max-image-preview":"max-image-preview:large","max-video-preview":"max-video-preview:-1"},"canonical":"https:\/\/sebastiannabel.com\/store\/produkt\/postcards-postcard-bundle-1\/","og_locale":"de_DE","og_type":"article","og_title":"Kings - Store - sebastiannabel.com","og_description":"Dieses Bundle enth\u00e4lt zwei Postkarten.  Die Karten haben eine leere R\u00fcckseite. Gedruckt auf 350 gr \/ m2 mattem Papier mit einer matten Oberfl\u00e4che und mit Goldfolie veredelt. Beide Postkarten kommen mit schwarzen Umschl\u00e4gen.  Die Postkarten sind 14,8cm x 10,5cm gro\u00df.","og_url":"https:\/\/sebastiannabel.com\/store\/produkt\/postcards-postcard-bundle-1\/","og_site_name":"Store - sebastiannabel.com","article_publisher":"https:\/\/www.facebook.com\/sebastiannabelStore","article_modified_time":"2022-11-25T23:27:27+00:00","og_image":[{"width":1800,"height":1800,"url":"https:\/\/sebastiannabel.com\/store\/wp-content\/uploads\/2019\/09\/postcards_1.jpg","type":"image\/jpeg"}],"twitter_card":"summary_large_image","schema":{"@context":"https:\/\/schema.org","@graph":[{"@type":"WebPage","@id":"https:\/\/sebastiannabel.com\/store\/produkt\/postcards-postcard-bundle-1\/","url":"https:\/\/sebastiannabel.com\/store\/produkt\/postcards-postcard-bundle-1\/","name":"Kings - Store - sebastiannabel.com","isPartOf":{"@id":"https:\/\/sebastiannabel.com\/store\/#website"},"primaryImageOfPage":{"@id":"https:\/\/sebastiannabel.com\/store\/produkt\/postcards-postcard-bundle-1\/#primaryimage"},"image":{"@id":"https:\/\/sebastiannabel.com\/store\/produkt\/postcards-postcard-bundle-1\/#primaryimage"},"thumbnailUrl":"https:\/\/sebastiannabel.com\/store\/wp-content\/uploads\/2019\/09\/postcards_1.jpg","datePublished":"2019-09-19T07:58:23+00:00","dateModified":"2022-11-25T23:27:27+00:00","breadcrumb":{"@id":"https:\/\/sebastiannabel.com\/store\/produkt\/postcards-postcard-bundle-1\/#breadcrumb"},"inLanguage":"de","potentialAction":[{"@type":"ReadAction","target":["https:\/\/sebastiannabel.com\/store\/produkt\/postcards-postcard-bundle-1\/"]}]},{"@type":"ImageObject","inLanguage":"de","@id":"https:\/\/sebastiannabel.com\/store\/produkt\/postcards-postcard-bundle-1\/#primaryimage","url":"https:\/\/sebastiannabel.com\/store\/wp-content\/uploads\/2019\/09\/postcards_1.jpg","contentUrl":"https:\/\/sebastiannabel.com\/store\/wp-content\/uploads\/2019\/09\/postcards_1.jpg","width":1800,"height":1800},{"@type":"BreadcrumbList","@id":"https:\/\/sebastiannabel.com\/store\/produkt\/postcards-postcard-bundle-1\/#breadcrumb","itemListElement":[{"@type":"ListItem","position":1,"name":"Startseite","item":"https:\/\/sebastiannabel.com\/store\/store\/"},{"@type":"ListItem","position":2,"name":"Alle Produkte","item":"https:\/\/sebastiannabel.com\/store\/alle-produkte\/"},{"@type":"ListItem","position":3,"name":"Kings"}]},{"@type":"WebSite","@id":"https:\/\/sebastiannabel.com\/store\/#website","url":"https:\/\/sebastiannabel.com\/store\/","name":"Store - sebastiannabel.com","description":"","publisher":{"@id":"https:\/\/sebastiannabel.com\/store\/#organization"},"potentialAction":[{"@type":"SearchAction","target":{"@type":"EntryPoint","urlTemplate":"https:\/\/sebastiannabel.com\/store\/?s={search_term_string}"},"query-input":{"@type":"PropertyValueSpecification","valueRequired":true,"valueName":"search_term_string"}}],"inLanguage":"de"},{"@type":"Organization","@id":"https:\/\/sebastiannabel.com\/store\/#organization","name":"Sebastian Nabel","url":"https:\/\/sebastiannabel.com\/store\/","logo":{"@type":"ImageObject","inLanguage":"de","@id":"https:\/\/sebastiannabel.com\/store\/#\/schema\/logo\/image\/","url":"https:\/\/sebastiannabel.com\/store\/wp-content\/uploads\/2024\/04\/l1.png","contentUrl":"https:\/\/sebastiannabel.com\/store\/wp-content\/uploads\/2024\/04\/l1.png","width":300,"height":146,"caption":"Sebastian Nabel"},"image":{"@id":"https:\/\/sebastiannabel.com\/store\/#\/schema\/logo\/image\/"},"sameAs":["https:\/\/www.facebook.com\/sebastiannabelStore"]}]}},"_links":{"self":[{"href":"https:\/\/sebastiannabel.com\/store\/wp-json\/wp\/v2\/product\/3103","targetHints":{"allow":["GET"]}}],"collection":[{"href":"https:\/\/sebastiannabel.com\/store\/wp-json\/wp\/v2\/product"}],"about":[{"href":"https:\/\/sebastiannabel.com\/store\/wp-json\/wp\/v2\/types\/product"}],"wp:featuredmedia":[{"embeddable":true,"href":"https:\/\/sebastiannabel.com\/store\/wp-json\/wp\/v2\/media\/13741"}],"wp:attachment":[{"href":"https:\/\/sebastiannabel.com\/store\/wp-json\/wp\/v2\/media?parent=3103"}],"wp:term":[{"taxonomy":"product_brand","embeddable":true,"href":"https:\/\/sebastiannabel.com\/store\/wp-json\/wp\/v2\/product_brand?post=3103"},{"taxonomy":"product_cat","embeddable":true,"href":"https:\/\/sebastiannabel.com\/store\/wp-json\/wp\/v2\/product_cat?post=3103"},{"taxonomy":"product_tag","embeddable":true,"href":"https:\/\/sebastiannabel.com\/store\/wp-json\/wp\/v2\/product_tag?post=3103"}],"curies":[{"name":"wp","href":"https:\/\/api.w.org\/{rel}","templated":true}]}}