{"id":17446,"date":"2026-03-27T09:14:11","date_gmt":"2026-03-27T08:14:11","guid":{"rendered":"https:\/\/sebastiannabel.com\/store\/?post_type=product&#038;p=17446"},"modified":"2026-03-28T16:20:30","modified_gmt":"2026-03-28T15:20:30","slug":"disco-lights-in-hell-set","status":"publish","type":"product","link":"https:\/\/sebastiannabel.com\/store\/produkt\/disco-lights-in-hell-set\/","title":{"rendered":"Disco Lights &#8211; in hell"},"content":{"rendered":"<p>Limited Edition Set<\/p>\n","protected":false},"excerpt":{"rendered":"<p>Weniger ein Buch, mehr eine kleine portable Ausstellung. Auf 20 Seiten werden 9 ausgew\u00e4hlte Kunstwerke in Szene gesetzt.<\/p>\n<p>Totensch\u00e4del zwischen grellem Licht und absolutem Schwarz. Farben, die sich eigentlich widersprechen und trotzdem funktionieren. Wer die Arbeiten bisher nur vom Bildschirm kennt, h\u00e4lt hier zum ersten Mal etwas Greifbares in der Hand.<\/p>\n<p>Jede Seite ist eine echte Fine-Art Reproduktion, gedruckt auf exklusivem Lustre-Fotopapier. Die Farben leuchten, die feinen Pinselstriche und \u00dcberg\u00e4nge kommen voll zur Geltung. Das Buch liegt beim Aufschlagen komplett flach, dadurch wirkt jedes Bild wie ein eigenst\u00e4ndiger Druck.<\/p>\n<p>Dieses Set enth\u00e4lt das signierte Artbook, ein Set Postkarten, einen exklusiven Stickerbogen und einen geheimen Fine-Art Kunstdruck. Nummeriert, signiert, auf 25 St\u00fcck limitiert.<\/p>\n","protected":false},"featured_media":17452,"template":"","meta":[],"product_brand":[],"product_cat":[65],"product_tag":[],"class_list":{"0":"post-17446","1":"product","2":"type-product","3":"status-publish","4":"has-post-thumbnail","6":"product_cat-anderes","8":"first","9":"instock","10":"shipping-taxable","11":"purchasable","12":"product-type-simple"},"yoast_head":"<!-- This site is optimized with the Yoast SEO plugin v26.9 - https:\/\/yoast.com\/product\/yoast-seo-wordpress\/ -->\n<title>Disco Lights - in hell - Store - sebastiannabel.com<\/title>\n<meta name=\"robots\" content=\"index, follow, max-snippet:-1, max-image-preview:large, max-video-preview:-1\" \/>\n<link rel=\"canonical\" href=\"https:\/\/sebastiannabel.com\/store\/produkt\/disco-lights-in-hell-set\/\" \/>\n<meta property=\"og:locale\" content=\"de_DE\" \/>\n<meta property=\"og:type\" content=\"article\" \/>\n<meta property=\"og:title\" content=\"Disco Lights - in hell - Store - sebastiannabel.com\" \/>\n<meta property=\"og:description\" content=\"Weniger ein Buch, mehr eine kleine portable Ausstellung. Auf 20 Seiten werden 9 ausgew\u00e4hlte Kunstwerke in Szene gesetzt.  Totensch\u00e4del zwischen grellem Licht und absolutem Schwarz. Farben, die sich eigentlich widersprechen und trotzdem funktionieren. Wer die Arbeiten bisher nur vom Bildschirm kennt, h\u00e4lt hier zum ersten Mal etwas Greifbares in der Hand.  Jede Seite ist eine echte Fine-Art Reproduktion, gedruckt auf exklusivem Lustre-Fotopapier. Die Farben leuchten, die feinen Pinselstriche und \u00dcberg\u00e4nge kommen voll zur Geltung. Das Buch liegt beim Aufschlagen komplett flach, dadurch wirkt jedes Bild wie ein eigenst\u00e4ndiger Druck.  Dieses Set enth\u00e4lt das signierte Artbook, ein Set Postkarten, einen exklusiven Stickerbogen und einen geheimen Fine-Art Kunstdruck. Nummeriert, signiert, auf 25 St\u00fcck limitiert.\" \/>\n<meta property=\"og:url\" content=\"https:\/\/sebastiannabel.com\/store\/produkt\/disco-lights-in-hell-set\/\" \/>\n<meta property=\"og:site_name\" content=\"Store - sebastiannabel.com\" \/>\n<meta property=\"article:publisher\" content=\"https:\/\/www.facebook.com\/sebastiannabelStore\" \/>\n<meta property=\"article:modified_time\" content=\"2026-03-28T15:20:30+00:00\" \/>\n<meta property=\"og:image\" content=\"https:\/\/sebastiannabel.com\/store\/wp-content\/uploads\/2026\/03\/disco_bundle.webp\" \/>\n\t<meta property=\"og:image:width\" content=\"1800\" \/>\n\t<meta property=\"og:image:height\" content=\"1800\" \/>\n\t<meta property=\"og:image:type\" content=\"image\/webp\" \/>\n<meta name=\"twitter:card\" content=\"summary_large_image\" \/>\n<meta name=\"twitter:label1\" content=\"Gesch\u00e4tzte Lesezeit\" \/>\n\t<meta name=\"twitter:data1\" content=\"1\u00a0Minute\" \/>\n<script type=\"application\/ld+json\" class=\"yoast-schema-graph\">{\"@context\":\"https:\/\/schema.org\",\"@graph\":[{\"@type\":\"WebPage\",\"@id\":\"https:\/\/sebastiannabel.com\/store\/produkt\/disco-lights-in-hell-set\/\",\"url\":\"https:\/\/sebastiannabel.com\/store\/produkt\/disco-lights-in-hell-set\/\",\"name\":\"Disco Lights - in hell - Store - sebastiannabel.com\",\"isPartOf\":{\"@id\":\"https:\/\/sebastiannabel.com\/store\/#website\"},\"primaryImageOfPage\":{\"@id\":\"https:\/\/sebastiannabel.com\/store\/produkt\/disco-lights-in-hell-set\/#primaryimage\"},\"image\":{\"@id\":\"https:\/\/sebastiannabel.com\/store\/produkt\/disco-lights-in-hell-set\/#primaryimage\"},\"thumbnailUrl\":\"https:\/\/sebastiannabel.com\/store\/wp-content\/uploads\/2026\/03\/disco_bundle.webp\",\"datePublished\":\"2026-03-27T08:14:11+00:00\",\"dateModified\":\"2026-03-28T15:20:30+00:00\",\"breadcrumb\":{\"@id\":\"https:\/\/sebastiannabel.com\/store\/produkt\/disco-lights-in-hell-set\/#breadcrumb\"},\"inLanguage\":\"de\",\"potentialAction\":[{\"@type\":\"ReadAction\",\"target\":[\"https:\/\/sebastiannabel.com\/store\/produkt\/disco-lights-in-hell-set\/\"]}]},{\"@type\":\"ImageObject\",\"inLanguage\":\"de\",\"@id\":\"https:\/\/sebastiannabel.com\/store\/produkt\/disco-lights-in-hell-set\/#primaryimage\",\"url\":\"https:\/\/sebastiannabel.com\/store\/wp-content\/uploads\/2026\/03\/disco_bundle.webp\",\"contentUrl\":\"https:\/\/sebastiannabel.com\/store\/wp-content\/uploads\/2026\/03\/disco_bundle.webp\",\"width\":1800,\"height\":1800},{\"@type\":\"BreadcrumbList\",\"@id\":\"https:\/\/sebastiannabel.com\/store\/produkt\/disco-lights-in-hell-set\/#breadcrumb\",\"itemListElement\":[{\"@type\":\"ListItem\",\"position\":1,\"name\":\"Startseite\",\"item\":\"https:\/\/sebastiannabel.com\/store\/store\/\"},{\"@type\":\"ListItem\",\"position\":2,\"name\":\"Alle Produkte\",\"item\":\"https:\/\/sebastiannabel.com\/store\/alle-produkte\/\"},{\"@type\":\"ListItem\",\"position\":3,\"name\":\"Disco Lights &#8211; in hell\"}]},{\"@type\":\"WebSite\",\"@id\":\"https:\/\/sebastiannabel.com\/store\/#website\",\"url\":\"https:\/\/sebastiannabel.com\/store\/\",\"name\":\"Store - sebastiannabel.com\",\"description\":\"\",\"publisher\":{\"@id\":\"https:\/\/sebastiannabel.com\/store\/#organization\"},\"potentialAction\":[{\"@type\":\"SearchAction\",\"target\":{\"@type\":\"EntryPoint\",\"urlTemplate\":\"https:\/\/sebastiannabel.com\/store\/?s={search_term_string}\"},\"query-input\":{\"@type\":\"PropertyValueSpecification\",\"valueRequired\":true,\"valueName\":\"search_term_string\"}}],\"inLanguage\":\"de\"},{\"@type\":\"Organization\",\"@id\":\"https:\/\/sebastiannabel.com\/store\/#organization\",\"name\":\"Sebastian Nabel\",\"url\":\"https:\/\/sebastiannabel.com\/store\/\",\"logo\":{\"@type\":\"ImageObject\",\"inLanguage\":\"de\",\"@id\":\"https:\/\/sebastiannabel.com\/store\/#\/schema\/logo\/image\/\",\"url\":\"https:\/\/sebastiannabel.com\/store\/wp-content\/uploads\/2024\/04\/l1.png\",\"contentUrl\":\"https:\/\/sebastiannabel.com\/store\/wp-content\/uploads\/2024\/04\/l1.png\",\"width\":300,\"height\":146,\"caption\":\"Sebastian Nabel\"},\"image\":{\"@id\":\"https:\/\/sebastiannabel.com\/store\/#\/schema\/logo\/image\/\"},\"sameAs\":[\"https:\/\/www.facebook.com\/sebastiannabelStore\"]}]}<\/script>\n<!-- \/ Yoast SEO plugin. -->","yoast_head_json":{"title":"Disco Lights - in hell - Store - sebastiannabel.com","robots":{"index":"index","follow":"follow","max-snippet":"max-snippet:-1","max-image-preview":"max-image-preview:large","max-video-preview":"max-video-preview:-1"},"canonical":"https:\/\/sebastiannabel.com\/store\/produkt\/disco-lights-in-hell-set\/","og_locale":"de_DE","og_type":"article","og_title":"Disco Lights - in hell - Store - sebastiannabel.com","og_description":"Weniger ein Buch, mehr eine kleine portable Ausstellung. Auf 20 Seiten werden 9 ausgew\u00e4hlte Kunstwerke in Szene gesetzt.  Totensch\u00e4del zwischen grellem Licht und absolutem Schwarz. Farben, die sich eigentlich widersprechen und trotzdem funktionieren. Wer die Arbeiten bisher nur vom Bildschirm kennt, h\u00e4lt hier zum ersten Mal etwas Greifbares in der Hand.  Jede Seite ist eine echte Fine-Art Reproduktion, gedruckt auf exklusivem Lustre-Fotopapier. Die Farben leuchten, die feinen Pinselstriche und \u00dcberg\u00e4nge kommen voll zur Geltung. Das Buch liegt beim Aufschlagen komplett flach, dadurch wirkt jedes Bild wie ein eigenst\u00e4ndiger Druck.  Dieses Set enth\u00e4lt das signierte Artbook, ein Set Postkarten, einen exklusiven Stickerbogen und einen geheimen Fine-Art Kunstdruck. Nummeriert, signiert, auf 25 St\u00fcck limitiert.","og_url":"https:\/\/sebastiannabel.com\/store\/produkt\/disco-lights-in-hell-set\/","og_site_name":"Store - sebastiannabel.com","article_publisher":"https:\/\/www.facebook.com\/sebastiannabelStore","article_modified_time":"2026-03-28T15:20:30+00:00","og_image":[{"width":1800,"height":1800,"url":"https:\/\/sebastiannabel.com\/store\/wp-content\/uploads\/2026\/03\/disco_bundle.webp","type":"image\/webp"}],"twitter_card":"summary_large_image","twitter_misc":{"Gesch\u00e4tzte Lesezeit":"1\u00a0Minute"},"schema":{"@context":"https:\/\/schema.org","@graph":[{"@type":"WebPage","@id":"https:\/\/sebastiannabel.com\/store\/produkt\/disco-lights-in-hell-set\/","url":"https:\/\/sebastiannabel.com\/store\/produkt\/disco-lights-in-hell-set\/","name":"Disco Lights - in hell - Store - sebastiannabel.com","isPartOf":{"@id":"https:\/\/sebastiannabel.com\/store\/#website"},"primaryImageOfPage":{"@id":"https:\/\/sebastiannabel.com\/store\/produkt\/disco-lights-in-hell-set\/#primaryimage"},"image":{"@id":"https:\/\/sebastiannabel.com\/store\/produkt\/disco-lights-in-hell-set\/#primaryimage"},"thumbnailUrl":"https:\/\/sebastiannabel.com\/store\/wp-content\/uploads\/2026\/03\/disco_bundle.webp","datePublished":"2026-03-27T08:14:11+00:00","dateModified":"2026-03-28T15:20:30+00:00","breadcrumb":{"@id":"https:\/\/sebastiannabel.com\/store\/produkt\/disco-lights-in-hell-set\/#breadcrumb"},"inLanguage":"de","potentialAction":[{"@type":"ReadAction","target":["https:\/\/sebastiannabel.com\/store\/produkt\/disco-lights-in-hell-set\/"]}]},{"@type":"ImageObject","inLanguage":"de","@id":"https:\/\/sebastiannabel.com\/store\/produkt\/disco-lights-in-hell-set\/#primaryimage","url":"https:\/\/sebastiannabel.com\/store\/wp-content\/uploads\/2026\/03\/disco_bundle.webp","contentUrl":"https:\/\/sebastiannabel.com\/store\/wp-content\/uploads\/2026\/03\/disco_bundle.webp","width":1800,"height":1800},{"@type":"BreadcrumbList","@id":"https:\/\/sebastiannabel.com\/store\/produkt\/disco-lights-in-hell-set\/#breadcrumb","itemListElement":[{"@type":"ListItem","position":1,"name":"Startseite","item":"https:\/\/sebastiannabel.com\/store\/store\/"},{"@type":"ListItem","position":2,"name":"Alle Produkte","item":"https:\/\/sebastiannabel.com\/store\/alle-produkte\/"},{"@type":"ListItem","position":3,"name":"Disco Lights &#8211; in hell"}]},{"@type":"WebSite","@id":"https:\/\/sebastiannabel.com\/store\/#website","url":"https:\/\/sebastiannabel.com\/store\/","name":"Store - sebastiannabel.com","description":"","publisher":{"@id":"https:\/\/sebastiannabel.com\/store\/#organization"},"potentialAction":[{"@type":"SearchAction","target":{"@type":"EntryPoint","urlTemplate":"https:\/\/sebastiannabel.com\/store\/?s={search_term_string}"},"query-input":{"@type":"PropertyValueSpecification","valueRequired":true,"valueName":"search_term_string"}}],"inLanguage":"de"},{"@type":"Organization","@id":"https:\/\/sebastiannabel.com\/store\/#organization","name":"Sebastian Nabel","url":"https:\/\/sebastiannabel.com\/store\/","logo":{"@type":"ImageObject","inLanguage":"de","@id":"https:\/\/sebastiannabel.com\/store\/#\/schema\/logo\/image\/","url":"https:\/\/sebastiannabel.com\/store\/wp-content\/uploads\/2024\/04\/l1.png","contentUrl":"https:\/\/sebastiannabel.com\/store\/wp-content\/uploads\/2024\/04\/l1.png","width":300,"height":146,"caption":"Sebastian Nabel"},"image":{"@id":"https:\/\/sebastiannabel.com\/store\/#\/schema\/logo\/image\/"},"sameAs":["https:\/\/www.facebook.com\/sebastiannabelStore"]}]}},"_links":{"self":[{"href":"https:\/\/sebastiannabel.com\/store\/wp-json\/wp\/v2\/product\/17446","targetHints":{"allow":["GET"]}}],"collection":[{"href":"https:\/\/sebastiannabel.com\/store\/wp-json\/wp\/v2\/product"}],"about":[{"href":"https:\/\/sebastiannabel.com\/store\/wp-json\/wp\/v2\/types\/product"}],"wp:featuredmedia":[{"embeddable":true,"href":"https:\/\/sebastiannabel.com\/store\/wp-json\/wp\/v2\/media\/17452"}],"wp:attachment":[{"href":"https:\/\/sebastiannabel.com\/store\/wp-json\/wp\/v2\/media?parent=17446"}],"wp:term":[{"taxonomy":"product_brand","embeddable":true,"href":"https:\/\/sebastiannabel.com\/store\/wp-json\/wp\/v2\/product_brand?post=17446"},{"taxonomy":"product_cat","embeddable":true,"href":"https:\/\/sebastiannabel.com\/store\/wp-json\/wp\/v2\/product_cat?post=17446"},{"taxonomy":"product_tag","embeddable":true,"href":"https:\/\/sebastiannabel.com\/store\/wp-json\/wp\/v2\/product_tag?post=17446"}],"curies":[{"name":"wp","href":"https:\/\/api.w.org\/{rel}","templated":true}]}}