{"id":15770,"date":"2024-02-26T18:23:53","date_gmt":"2024-02-26T17:23:53","guid":{"rendered":"https:\/\/sebastiannabel.com\/store\/?post_type=product&#038;p=15770"},"modified":"2024-05-19T14:24:30","modified_gmt":"2024-05-19T12:24:30","slug":"regicide-glas","status":"publish","type":"product","link":"https:\/\/sebastiannabel.com\/store\/produkt\/regicide-glas\/","title":{"rendered":"Regicide"},"content":{"rendered":"<p>GLAS<\/p>\n","protected":false},"excerpt":{"rendered":"<p>Das gravierte &#8222;Regicide&#8220; Glas \u00a0ist die perfekte Wahl f\u00fcr besondere Momente. Mit einer F\u00fcllmenge von 470ml und einem stabilen Design \u00fcberzeugt dieses gravierte Glas durch seine hochwertige Verarbeitung. Es ist sp\u00fclmaschinengeeignet und somit besonders pflegeleicht.<\/p>\n<p>Bestellen Sie jetzt und erleben Sie k\u00f6niglichen Genuss!<\/p>\n","protected":false},"featured_media":15772,"template":"","meta":[],"product_brand":[],"product_cat":[65],"product_tag":[],"class_list":{"0":"post-15770","1":"product","2":"type-product","3":"status-publish","4":"has-post-thumbnail","6":"product_cat-anderes","8":"first","9":"instock","10":"shipping-taxable","11":"purchasable","12":"product-type-simple"},"yoast_head":"<!-- This site is optimized with the Yoast SEO plugin v26.9 - https:\/\/yoast.com\/product\/yoast-seo-wordpress\/ -->\n<title>Graviertes &quot;Regicide&quot; Glas \u2013 Ein k\u00f6nigliches Getr\u00e4nkeerlebnis | Sebastian Nabel<\/title>\n<meta name=\"description\" content=\"Entdecke das gravierte &quot;Regicide&quot; Glas im Sebastian Nabel Store. Perfekt f\u00fcr besondere Anl\u00e4sse. Sp\u00fclmaschinengeeignet und robust. Jetzt bestellen!\" \/>\n<meta name=\"robots\" content=\"index, follow, max-snippet:-1, max-image-preview:large, max-video-preview:-1\" \/>\n<link rel=\"canonical\" href=\"https:\/\/sebastiannabel.com\/store\/produkt\/regicide-glas\/\" \/>\n<meta property=\"og:locale\" content=\"de_DE\" \/>\n<meta property=\"og:type\" content=\"article\" \/>\n<meta property=\"og:title\" content=\"Graviertes &quot;Regicide&quot; Glas \u2013 Ein k\u00f6nigliches Getr\u00e4nkeerlebnis | Sebastian Nabel\" \/>\n<meta property=\"og:description\" content=\"Entdecke das gravierte &quot;Regicide&quot; Glas im Sebastian Nabel Store. Perfekt f\u00fcr besondere Anl\u00e4sse. Sp\u00fclmaschinengeeignet und robust. Jetzt bestellen!\" \/>\n<meta property=\"og:url\" content=\"https:\/\/sebastiannabel.com\/store\/produkt\/regicide-glas\/\" \/>\n<meta property=\"og:site_name\" content=\"Store - sebastiannabel.com\" \/>\n<meta property=\"article:publisher\" content=\"https:\/\/www.facebook.com\/sebastiannabelStore\" \/>\n<meta property=\"article:modified_time\" content=\"2024-05-19T12:24:30+00:00\" \/>\n<meta property=\"og:image\" content=\"https:\/\/sebastiannabel.com\/store\/wp-content\/uploads\/2024\/02\/glas_regicide2.jpg\" \/>\n\t<meta property=\"og:image:width\" content=\"1800\" \/>\n\t<meta property=\"og:image:height\" content=\"1800\" \/>\n\t<meta property=\"og:image:type\" content=\"image\/jpeg\" \/>\n<meta name=\"twitter:card\" content=\"summary_large_image\" \/>\n<meta name=\"twitter:label1\" content=\"Gesch\u00e4tzte Lesezeit\" \/>\n\t<meta name=\"twitter:data1\" content=\"1\u00a0Minute\" \/>\n<script type=\"application\/ld+json\" class=\"yoast-schema-graph\">{\"@context\":\"https:\/\/schema.org\",\"@graph\":[{\"@type\":\"WebPage\",\"@id\":\"https:\/\/sebastiannabel.com\/store\/produkt\/regicide-glas\/\",\"url\":\"https:\/\/sebastiannabel.com\/store\/produkt\/regicide-glas\/\",\"name\":\"Graviertes \\\"Regicide\\\" Glas \u2013 Ein k\u00f6nigliches Getr\u00e4nkeerlebnis | Sebastian Nabel\",\"isPartOf\":{\"@id\":\"https:\/\/sebastiannabel.com\/store\/#website\"},\"primaryImageOfPage\":{\"@id\":\"https:\/\/sebastiannabel.com\/store\/produkt\/regicide-glas\/#primaryimage\"},\"image\":{\"@id\":\"https:\/\/sebastiannabel.com\/store\/produkt\/regicide-glas\/#primaryimage\"},\"thumbnailUrl\":\"https:\/\/sebastiannabel.com\/store\/wp-content\/uploads\/2024\/02\/glas_regicide2.jpg\",\"datePublished\":\"2024-02-26T17:23:53+00:00\",\"dateModified\":\"2024-05-19T12:24:30+00:00\",\"description\":\"Entdecke das gravierte \\\"Regicide\\\" Glas im Sebastian Nabel Store. Perfekt f\u00fcr besondere Anl\u00e4sse. Sp\u00fclmaschinengeeignet und robust. Jetzt bestellen!\",\"breadcrumb\":{\"@id\":\"https:\/\/sebastiannabel.com\/store\/produkt\/regicide-glas\/#breadcrumb\"},\"inLanguage\":\"de\",\"potentialAction\":[{\"@type\":\"ReadAction\",\"target\":[\"https:\/\/sebastiannabel.com\/store\/produkt\/regicide-glas\/\"]}]},{\"@type\":\"ImageObject\",\"inLanguage\":\"de\",\"@id\":\"https:\/\/sebastiannabel.com\/store\/produkt\/regicide-glas\/#primaryimage\",\"url\":\"https:\/\/sebastiannabel.com\/store\/wp-content\/uploads\/2024\/02\/glas_regicide2.jpg\",\"contentUrl\":\"https:\/\/sebastiannabel.com\/store\/wp-content\/uploads\/2024\/02\/glas_regicide2.jpg\",\"width\":1800,\"height\":1800},{\"@type\":\"BreadcrumbList\",\"@id\":\"https:\/\/sebastiannabel.com\/store\/produkt\/regicide-glas\/#breadcrumb\",\"itemListElement\":[{\"@type\":\"ListItem\",\"position\":1,\"name\":\"Startseite\",\"item\":\"https:\/\/sebastiannabel.com\/store\/store\/\"},{\"@type\":\"ListItem\",\"position\":2,\"name\":\"Alle Produkte\",\"item\":\"https:\/\/sebastiannabel.com\/store\/alle-produkte\/\"},{\"@type\":\"ListItem\",\"position\":3,\"name\":\"Regicide\"}]},{\"@type\":\"WebSite\",\"@id\":\"https:\/\/sebastiannabel.com\/store\/#website\",\"url\":\"https:\/\/sebastiannabel.com\/store\/\",\"name\":\"Store - sebastiannabel.com\",\"description\":\"\",\"publisher\":{\"@id\":\"https:\/\/sebastiannabel.com\/store\/#organization\"},\"potentialAction\":[{\"@type\":\"SearchAction\",\"target\":{\"@type\":\"EntryPoint\",\"urlTemplate\":\"https:\/\/sebastiannabel.com\/store\/?s={search_term_string}\"},\"query-input\":{\"@type\":\"PropertyValueSpecification\",\"valueRequired\":true,\"valueName\":\"search_term_string\"}}],\"inLanguage\":\"de\"},{\"@type\":\"Organization\",\"@id\":\"https:\/\/sebastiannabel.com\/store\/#organization\",\"name\":\"Sebastian Nabel\",\"url\":\"https:\/\/sebastiannabel.com\/store\/\",\"logo\":{\"@type\":\"ImageObject\",\"inLanguage\":\"de\",\"@id\":\"https:\/\/sebastiannabel.com\/store\/#\/schema\/logo\/image\/\",\"url\":\"https:\/\/sebastiannabel.com\/store\/wp-content\/uploads\/2024\/04\/l1.png\",\"contentUrl\":\"https:\/\/sebastiannabel.com\/store\/wp-content\/uploads\/2024\/04\/l1.png\",\"width\":300,\"height\":146,\"caption\":\"Sebastian Nabel\"},\"image\":{\"@id\":\"https:\/\/sebastiannabel.com\/store\/#\/schema\/logo\/image\/\"},\"sameAs\":[\"https:\/\/www.facebook.com\/sebastiannabelStore\"]}]}<\/script>\n<!-- \/ Yoast SEO plugin. -->","yoast_head_json":{"title":"Graviertes \"Regicide\" Glas \u2013 Ein k\u00f6nigliches Getr\u00e4nkeerlebnis | Sebastian Nabel","description":"Entdecke das gravierte \"Regicide\" Glas im Sebastian Nabel Store. Perfekt f\u00fcr besondere Anl\u00e4sse. Sp\u00fclmaschinengeeignet und robust. Jetzt bestellen!","robots":{"index":"index","follow":"follow","max-snippet":"max-snippet:-1","max-image-preview":"max-image-preview:large","max-video-preview":"max-video-preview:-1"},"canonical":"https:\/\/sebastiannabel.com\/store\/produkt\/regicide-glas\/","og_locale":"de_DE","og_type":"article","og_title":"Graviertes \"Regicide\" Glas \u2013 Ein k\u00f6nigliches Getr\u00e4nkeerlebnis | Sebastian Nabel","og_description":"Entdecke das gravierte \"Regicide\" Glas im Sebastian Nabel Store. Perfekt f\u00fcr besondere Anl\u00e4sse. Sp\u00fclmaschinengeeignet und robust. Jetzt bestellen!","og_url":"https:\/\/sebastiannabel.com\/store\/produkt\/regicide-glas\/","og_site_name":"Store - sebastiannabel.com","article_publisher":"https:\/\/www.facebook.com\/sebastiannabelStore","article_modified_time":"2024-05-19T12:24:30+00:00","og_image":[{"width":1800,"height":1800,"url":"https:\/\/sebastiannabel.com\/store\/wp-content\/uploads\/2024\/02\/glas_regicide2.jpg","type":"image\/jpeg"}],"twitter_card":"summary_large_image","twitter_misc":{"Gesch\u00e4tzte Lesezeit":"1\u00a0Minute"},"schema":{"@context":"https:\/\/schema.org","@graph":[{"@type":"WebPage","@id":"https:\/\/sebastiannabel.com\/store\/produkt\/regicide-glas\/","url":"https:\/\/sebastiannabel.com\/store\/produkt\/regicide-glas\/","name":"Graviertes \"Regicide\" Glas \u2013 Ein k\u00f6nigliches Getr\u00e4nkeerlebnis | Sebastian Nabel","isPartOf":{"@id":"https:\/\/sebastiannabel.com\/store\/#website"},"primaryImageOfPage":{"@id":"https:\/\/sebastiannabel.com\/store\/produkt\/regicide-glas\/#primaryimage"},"image":{"@id":"https:\/\/sebastiannabel.com\/store\/produkt\/regicide-glas\/#primaryimage"},"thumbnailUrl":"https:\/\/sebastiannabel.com\/store\/wp-content\/uploads\/2024\/02\/glas_regicide2.jpg","datePublished":"2024-02-26T17:23:53+00:00","dateModified":"2024-05-19T12:24:30+00:00","description":"Entdecke das gravierte \"Regicide\" Glas im Sebastian Nabel Store. Perfekt f\u00fcr besondere Anl\u00e4sse. Sp\u00fclmaschinengeeignet und robust. Jetzt bestellen!","breadcrumb":{"@id":"https:\/\/sebastiannabel.com\/store\/produkt\/regicide-glas\/#breadcrumb"},"inLanguage":"de","potentialAction":[{"@type":"ReadAction","target":["https:\/\/sebastiannabel.com\/store\/produkt\/regicide-glas\/"]}]},{"@type":"ImageObject","inLanguage":"de","@id":"https:\/\/sebastiannabel.com\/store\/produkt\/regicide-glas\/#primaryimage","url":"https:\/\/sebastiannabel.com\/store\/wp-content\/uploads\/2024\/02\/glas_regicide2.jpg","contentUrl":"https:\/\/sebastiannabel.com\/store\/wp-content\/uploads\/2024\/02\/glas_regicide2.jpg","width":1800,"height":1800},{"@type":"BreadcrumbList","@id":"https:\/\/sebastiannabel.com\/store\/produkt\/regicide-glas\/#breadcrumb","itemListElement":[{"@type":"ListItem","position":1,"name":"Startseite","item":"https:\/\/sebastiannabel.com\/store\/store\/"},{"@type":"ListItem","position":2,"name":"Alle Produkte","item":"https:\/\/sebastiannabel.com\/store\/alle-produkte\/"},{"@type":"ListItem","position":3,"name":"Regicide"}]},{"@type":"WebSite","@id":"https:\/\/sebastiannabel.com\/store\/#website","url":"https:\/\/sebastiannabel.com\/store\/","name":"Store - sebastiannabel.com","description":"","publisher":{"@id":"https:\/\/sebastiannabel.com\/store\/#organization"},"potentialAction":[{"@type":"SearchAction","target":{"@type":"EntryPoint","urlTemplate":"https:\/\/sebastiannabel.com\/store\/?s={search_term_string}"},"query-input":{"@type":"PropertyValueSpecification","valueRequired":true,"valueName":"search_term_string"}}],"inLanguage":"de"},{"@type":"Organization","@id":"https:\/\/sebastiannabel.com\/store\/#organization","name":"Sebastian Nabel","url":"https:\/\/sebastiannabel.com\/store\/","logo":{"@type":"ImageObject","inLanguage":"de","@id":"https:\/\/sebastiannabel.com\/store\/#\/schema\/logo\/image\/","url":"https:\/\/sebastiannabel.com\/store\/wp-content\/uploads\/2024\/04\/l1.png","contentUrl":"https:\/\/sebastiannabel.com\/store\/wp-content\/uploads\/2024\/04\/l1.png","width":300,"height":146,"caption":"Sebastian Nabel"},"image":{"@id":"https:\/\/sebastiannabel.com\/store\/#\/schema\/logo\/image\/"},"sameAs":["https:\/\/www.facebook.com\/sebastiannabelStore"]}]}},"_links":{"self":[{"href":"https:\/\/sebastiannabel.com\/store\/wp-json\/wp\/v2\/product\/15770","targetHints":{"allow":["GET"]}}],"collection":[{"href":"https:\/\/sebastiannabel.com\/store\/wp-json\/wp\/v2\/product"}],"about":[{"href":"https:\/\/sebastiannabel.com\/store\/wp-json\/wp\/v2\/types\/product"}],"wp:featuredmedia":[{"embeddable":true,"href":"https:\/\/sebastiannabel.com\/store\/wp-json\/wp\/v2\/media\/15772"}],"wp:attachment":[{"href":"https:\/\/sebastiannabel.com\/store\/wp-json\/wp\/v2\/media?parent=15770"}],"wp:term":[{"taxonomy":"product_brand","embeddable":true,"href":"https:\/\/sebastiannabel.com\/store\/wp-json\/wp\/v2\/product_brand?post=15770"},{"taxonomy":"product_cat","embeddable":true,"href":"https:\/\/sebastiannabel.com\/store\/wp-json\/wp\/v2\/product_cat?post=15770"},{"taxonomy":"product_tag","embeddable":true,"href":"https:\/\/sebastiannabel.com\/store\/wp-json\/wp\/v2\/product_tag?post=15770"}],"curies":[{"name":"wp","href":"https:\/\/api.w.org\/{rel}","templated":true}]}}