{"id":14937,"date":"2023-05-17T11:25:44","date_gmt":"2023-05-17T09:25:44","guid":{"rendered":"https:\/\/sebastiannabel.com\/store\/?post_type=product&#038;p=14937"},"modified":"2025-01-04T07:09:03","modified_gmt":"2025-01-04T06:09:03","slug":"antivertauschbar","status":"publish","type":"product","link":"https:\/\/sebastiannabel.com\/store\/produkt\/antivertauschbar\/","title":{"rendered":"\u201eAnti-vertausch-bar\u201c"},"content":{"rendered":"<p>GEM\u00c4LDE<\/p>\n","protected":false},"excerpt":{"rendered":"<p>Das originale \u00d6l-Gem\u00e4lde &#8222;Anti-vertausch-bar&#8220; ist mit einer Gr\u00f6\u00dfe von 15cm x 10,5cm ein beeindruckendes Werk f\u00fcr seine Gr\u00f6\u00dfe.<br \/>\nBestellen Sie jetzt und bereichern Sie Ihr Zuhause mit einem besonderen Kunstwerk von Sebastian Nabel!<\/p>\n","protected":false},"featured_media":15003,"template":"","meta":[],"product_brand":[],"product_cat":[110],"product_tag":[],"class_list":{"0":"post-14937","1":"product","2":"type-product","3":"status-publish","4":"has-post-thumbnail","6":"product_cat-kunst","8":"first","9":"instock","10":"shipping-taxable","11":"purchasable","12":"product-type-simple"},"yoast_head":"<!-- This site is optimized with the Yoast SEO plugin v26.9 - https:\/\/yoast.com\/product\/yoast-seo-wordpress\/ -->\n<title>&quot;Anti-vertausch-bar&quot; \u2013 Einzigartiges Kunstwerk | Sebastian Nabel<\/title>\n<meta name=\"description\" content=\"Entdecke das originale \u00d6l-Gem\u00e4lde &quot;Anti-vertausch-bar&quot; im Sebastian Nabel Store. Einzigartiges Design und hohe Qualit\u00e4t. Jetzt bestellen!\" \/>\n<meta name=\"robots\" content=\"index, follow, max-snippet:-1, max-image-preview:large, max-video-preview:-1\" \/>\n<link rel=\"canonical\" href=\"https:\/\/sebastiannabel.com\/store\/produkt\/antivertauschbar\/\" \/>\n<meta property=\"og:locale\" content=\"de_DE\" \/>\n<meta property=\"og:type\" content=\"article\" \/>\n<meta property=\"og:title\" content=\"&quot;Anti-vertausch-bar&quot; \u2013 Einzigartiges Kunstwerk | Sebastian Nabel\" \/>\n<meta property=\"og:description\" content=\"Entdecke das originale \u00d6l-Gem\u00e4lde &quot;Anti-vertausch-bar&quot; im Sebastian Nabel Store. Einzigartiges Design und hohe Qualit\u00e4t. Jetzt bestellen!\" \/>\n<meta property=\"og:url\" content=\"https:\/\/sebastiannabel.com\/store\/produkt\/antivertauschbar\/\" \/>\n<meta property=\"og:site_name\" content=\"Store - sebastiannabel.com\" \/>\n<meta property=\"article:publisher\" content=\"https:\/\/www.facebook.com\/sebastiannabelStore\" \/>\n<meta property=\"article:modified_time\" content=\"2025-01-04T06:09:03+00:00\" \/>\n<meta property=\"og:image\" content=\"https:\/\/sebastiannabel.com\/store\/wp-content\/uploads\/2023\/05\/antivertauschbar.jpg\" \/>\n\t<meta property=\"og:image:width\" content=\"1800\" \/>\n\t<meta property=\"og:image:height\" content=\"1800\" \/>\n\t<meta property=\"og:image:type\" content=\"image\/jpeg\" \/>\n<meta name=\"twitter:card\" content=\"summary_large_image\" \/>\n<meta name=\"twitter:label1\" content=\"Gesch\u00e4tzte Lesezeit\" \/>\n\t<meta name=\"twitter:data1\" content=\"1\u00a0Minute\" \/>\n<script type=\"application\/ld+json\" class=\"yoast-schema-graph\">{\"@context\":\"https:\/\/schema.org\",\"@graph\":[{\"@type\":\"WebPage\",\"@id\":\"https:\/\/sebastiannabel.com\/store\/produkt\/antivertauschbar\/\",\"url\":\"https:\/\/sebastiannabel.com\/store\/produkt\/antivertauschbar\/\",\"name\":\"\\\"Anti-vertausch-bar\\\" \u2013 Einzigartiges Kunstwerk | Sebastian Nabel\",\"isPartOf\":{\"@id\":\"https:\/\/sebastiannabel.com\/store\/#website\"},\"primaryImageOfPage\":{\"@id\":\"https:\/\/sebastiannabel.com\/store\/produkt\/antivertauschbar\/#primaryimage\"},\"image\":{\"@id\":\"https:\/\/sebastiannabel.com\/store\/produkt\/antivertauschbar\/#primaryimage\"},\"thumbnailUrl\":\"https:\/\/sebastiannabel.com\/store\/wp-content\/uploads\/2023\/05\/antivertauschbar.jpg\",\"datePublished\":\"2023-05-17T09:25:44+00:00\",\"dateModified\":\"2025-01-04T06:09:03+00:00\",\"description\":\"Entdecke das originale \u00d6l-Gem\u00e4lde \\\"Anti-vertausch-bar\\\" im Sebastian Nabel Store. Einzigartiges Design und hohe Qualit\u00e4t. Jetzt bestellen!\",\"breadcrumb\":{\"@id\":\"https:\/\/sebastiannabel.com\/store\/produkt\/antivertauschbar\/#breadcrumb\"},\"inLanguage\":\"de\",\"potentialAction\":[{\"@type\":\"ReadAction\",\"target\":[\"https:\/\/sebastiannabel.com\/store\/produkt\/antivertauschbar\/\"]}]},{\"@type\":\"ImageObject\",\"inLanguage\":\"de\",\"@id\":\"https:\/\/sebastiannabel.com\/store\/produkt\/antivertauschbar\/#primaryimage\",\"url\":\"https:\/\/sebastiannabel.com\/store\/wp-content\/uploads\/2023\/05\/antivertauschbar.jpg\",\"contentUrl\":\"https:\/\/sebastiannabel.com\/store\/wp-content\/uploads\/2023\/05\/antivertauschbar.jpg\",\"width\":1800,\"height\":1800},{\"@type\":\"BreadcrumbList\",\"@id\":\"https:\/\/sebastiannabel.com\/store\/produkt\/antivertauschbar\/#breadcrumb\",\"itemListElement\":[{\"@type\":\"ListItem\",\"position\":1,\"name\":\"Startseite\",\"item\":\"https:\/\/sebastiannabel.com\/store\/store\/\"},{\"@type\":\"ListItem\",\"position\":2,\"name\":\"Alle Produkte\",\"item\":\"https:\/\/sebastiannabel.com\/store\/alle-produkte\/\"},{\"@type\":\"ListItem\",\"position\":3,\"name\":\"\u201eAnti-vertausch-bar\u201c\"}]},{\"@type\":\"WebSite\",\"@id\":\"https:\/\/sebastiannabel.com\/store\/#website\",\"url\":\"https:\/\/sebastiannabel.com\/store\/\",\"name\":\"Store - sebastiannabel.com\",\"description\":\"\",\"publisher\":{\"@id\":\"https:\/\/sebastiannabel.com\/store\/#organization\"},\"potentialAction\":[{\"@type\":\"SearchAction\",\"target\":{\"@type\":\"EntryPoint\",\"urlTemplate\":\"https:\/\/sebastiannabel.com\/store\/?s={search_term_string}\"},\"query-input\":{\"@type\":\"PropertyValueSpecification\",\"valueRequired\":true,\"valueName\":\"search_term_string\"}}],\"inLanguage\":\"de\"},{\"@type\":\"Organization\",\"@id\":\"https:\/\/sebastiannabel.com\/store\/#organization\",\"name\":\"Sebastian Nabel\",\"url\":\"https:\/\/sebastiannabel.com\/store\/\",\"logo\":{\"@type\":\"ImageObject\",\"inLanguage\":\"de\",\"@id\":\"https:\/\/sebastiannabel.com\/store\/#\/schema\/logo\/image\/\",\"url\":\"https:\/\/sebastiannabel.com\/store\/wp-content\/uploads\/2024\/04\/l1.png\",\"contentUrl\":\"https:\/\/sebastiannabel.com\/store\/wp-content\/uploads\/2024\/04\/l1.png\",\"width\":300,\"height\":146,\"caption\":\"Sebastian Nabel\"},\"image\":{\"@id\":\"https:\/\/sebastiannabel.com\/store\/#\/schema\/logo\/image\/\"},\"sameAs\":[\"https:\/\/www.facebook.com\/sebastiannabelStore\"]}]}<\/script>\n<!-- \/ Yoast SEO plugin. -->","yoast_head_json":{"title":"\"Anti-vertausch-bar\" \u2013 Einzigartiges Kunstwerk | Sebastian Nabel","description":"Entdecke das originale \u00d6l-Gem\u00e4lde \"Anti-vertausch-bar\" im Sebastian Nabel Store. Einzigartiges Design und hohe Qualit\u00e4t. Jetzt bestellen!","robots":{"index":"index","follow":"follow","max-snippet":"max-snippet:-1","max-image-preview":"max-image-preview:large","max-video-preview":"max-video-preview:-1"},"canonical":"https:\/\/sebastiannabel.com\/store\/produkt\/antivertauschbar\/","og_locale":"de_DE","og_type":"article","og_title":"\"Anti-vertausch-bar\" \u2013 Einzigartiges Kunstwerk | Sebastian Nabel","og_description":"Entdecke das originale \u00d6l-Gem\u00e4lde \"Anti-vertausch-bar\" im Sebastian Nabel Store. Einzigartiges Design und hohe Qualit\u00e4t. Jetzt bestellen!","og_url":"https:\/\/sebastiannabel.com\/store\/produkt\/antivertauschbar\/","og_site_name":"Store - sebastiannabel.com","article_publisher":"https:\/\/www.facebook.com\/sebastiannabelStore","article_modified_time":"2025-01-04T06:09:03+00:00","og_image":[{"width":1800,"height":1800,"url":"https:\/\/sebastiannabel.com\/store\/wp-content\/uploads\/2023\/05\/antivertauschbar.jpg","type":"image\/jpeg"}],"twitter_card":"summary_large_image","twitter_misc":{"Gesch\u00e4tzte Lesezeit":"1\u00a0Minute"},"schema":{"@context":"https:\/\/schema.org","@graph":[{"@type":"WebPage","@id":"https:\/\/sebastiannabel.com\/store\/produkt\/antivertauschbar\/","url":"https:\/\/sebastiannabel.com\/store\/produkt\/antivertauschbar\/","name":"\"Anti-vertausch-bar\" \u2013 Einzigartiges Kunstwerk | Sebastian Nabel","isPartOf":{"@id":"https:\/\/sebastiannabel.com\/store\/#website"},"primaryImageOfPage":{"@id":"https:\/\/sebastiannabel.com\/store\/produkt\/antivertauschbar\/#primaryimage"},"image":{"@id":"https:\/\/sebastiannabel.com\/store\/produkt\/antivertauschbar\/#primaryimage"},"thumbnailUrl":"https:\/\/sebastiannabel.com\/store\/wp-content\/uploads\/2023\/05\/antivertauschbar.jpg","datePublished":"2023-05-17T09:25:44+00:00","dateModified":"2025-01-04T06:09:03+00:00","description":"Entdecke das originale \u00d6l-Gem\u00e4lde \"Anti-vertausch-bar\" im Sebastian Nabel Store. Einzigartiges Design und hohe Qualit\u00e4t. Jetzt bestellen!","breadcrumb":{"@id":"https:\/\/sebastiannabel.com\/store\/produkt\/antivertauschbar\/#breadcrumb"},"inLanguage":"de","potentialAction":[{"@type":"ReadAction","target":["https:\/\/sebastiannabel.com\/store\/produkt\/antivertauschbar\/"]}]},{"@type":"ImageObject","inLanguage":"de","@id":"https:\/\/sebastiannabel.com\/store\/produkt\/antivertauschbar\/#primaryimage","url":"https:\/\/sebastiannabel.com\/store\/wp-content\/uploads\/2023\/05\/antivertauschbar.jpg","contentUrl":"https:\/\/sebastiannabel.com\/store\/wp-content\/uploads\/2023\/05\/antivertauschbar.jpg","width":1800,"height":1800},{"@type":"BreadcrumbList","@id":"https:\/\/sebastiannabel.com\/store\/produkt\/antivertauschbar\/#breadcrumb","itemListElement":[{"@type":"ListItem","position":1,"name":"Startseite","item":"https:\/\/sebastiannabel.com\/store\/store\/"},{"@type":"ListItem","position":2,"name":"Alle Produkte","item":"https:\/\/sebastiannabel.com\/store\/alle-produkte\/"},{"@type":"ListItem","position":3,"name":"\u201eAnti-vertausch-bar\u201c"}]},{"@type":"WebSite","@id":"https:\/\/sebastiannabel.com\/store\/#website","url":"https:\/\/sebastiannabel.com\/store\/","name":"Store - sebastiannabel.com","description":"","publisher":{"@id":"https:\/\/sebastiannabel.com\/store\/#organization"},"potentialAction":[{"@type":"SearchAction","target":{"@type":"EntryPoint","urlTemplate":"https:\/\/sebastiannabel.com\/store\/?s={search_term_string}"},"query-input":{"@type":"PropertyValueSpecification","valueRequired":true,"valueName":"search_term_string"}}],"inLanguage":"de"},{"@type":"Organization","@id":"https:\/\/sebastiannabel.com\/store\/#organization","name":"Sebastian Nabel","url":"https:\/\/sebastiannabel.com\/store\/","logo":{"@type":"ImageObject","inLanguage":"de","@id":"https:\/\/sebastiannabel.com\/store\/#\/schema\/logo\/image\/","url":"https:\/\/sebastiannabel.com\/store\/wp-content\/uploads\/2024\/04\/l1.png","contentUrl":"https:\/\/sebastiannabel.com\/store\/wp-content\/uploads\/2024\/04\/l1.png","width":300,"height":146,"caption":"Sebastian Nabel"},"image":{"@id":"https:\/\/sebastiannabel.com\/store\/#\/schema\/logo\/image\/"},"sameAs":["https:\/\/www.facebook.com\/sebastiannabelStore"]}]}},"_links":{"self":[{"href":"https:\/\/sebastiannabel.com\/store\/wp-json\/wp\/v2\/product\/14937","targetHints":{"allow":["GET"]}}],"collection":[{"href":"https:\/\/sebastiannabel.com\/store\/wp-json\/wp\/v2\/product"}],"about":[{"href":"https:\/\/sebastiannabel.com\/store\/wp-json\/wp\/v2\/types\/product"}],"wp:featuredmedia":[{"embeddable":true,"href":"https:\/\/sebastiannabel.com\/store\/wp-json\/wp\/v2\/media\/15003"}],"wp:attachment":[{"href":"https:\/\/sebastiannabel.com\/store\/wp-json\/wp\/v2\/media?parent=14937"}],"wp:term":[{"taxonomy":"product_brand","embeddable":true,"href":"https:\/\/sebastiannabel.com\/store\/wp-json\/wp\/v2\/product_brand?post=14937"},{"taxonomy":"product_cat","embeddable":true,"href":"https:\/\/sebastiannabel.com\/store\/wp-json\/wp\/v2\/product_cat?post=14937"},{"taxonomy":"product_tag","embeddable":true,"href":"https:\/\/sebastiannabel.com\/store\/wp-json\/wp\/v2\/product_tag?post=14937"}],"curies":[{"name":"wp","href":"https:\/\/api.w.org\/{rel}","templated":true}]}}